{"id":1641,"date":"2021-03-31T21:24:55","date_gmt":"2021-03-31T19:24:55","guid":{"rendered":"https:\/\/www.arrasville.fr\/privacy-legal\/"},"modified":"2024-09-24T08:13:18","modified_gmt":"2024-09-24T06:13:18","slug":"privacy-legal","status":"publish","type":"page","link":"https:\/\/www.arrasville.fr\/en\/privacy-legal\/","title":{"rendered":"Privacy &amp; Legal"},"content":{"rendered":"&#13;\n<p>Voici les politiques de confidentialit\u00e9 et les mentions l\u00e9gales \u00e0 lire.<\/p>&#13;\n<h2 class=\"wp-block-heading\">Who we are<\/h2>&#13;\n&#13;\n<p>Our website address is: http:\/\/www.arrasville.fr. This site is published by Facem Web, a SEO agency located in Arras, Pas-de-Calais.\nSASU with capital of \u20ac2,000, registered in the Arras Trade Register 790 056 022 Code APE 6202A.\nIntracommunity VAT number: FR 44 790 056 022 &#8211; SIRET: 790 056 022 00037 &#8211; Telephone: 06 84 11 55 14  <\/p>&#13;\n&#13;\n<h2 class=\"wp-block-heading\">Comments<\/h2>&#13;\n&#13;\n<p>When you leave a comment on our site, the data entered in the comment form, your IP address and your browser&#8217;s user agent are collected to help us detect undesirable comments.<\/p>&#13;\n&#13;\n<p>An anonymized string created from your e-mail address (also known as a hash) may be sent to the Gravatar service to verify your use of the service.\nGravatar&#8217;s privacy policy is available here: https:\/\/automattic.com\/privacy\/. Once your comment has been validated, your profile photo will be publicly visible alongside your comment. <\/p>&#13;\n&#13;\n<h2 class=\"wp-block-heading\">Media<\/h2>&#13;\n&#13;\n<p>If you upload images to the site, we advise you to avoid uploading images containing EXIF data of GPS coordinates.\nPeople visiting your site may download and extract location data from these images. <\/p>&#13;\n&#13;\n<h2 class=\"wp-block-heading\">Cookies<\/h2>&#13;\n&#13;\n<p>If you leave a comment on our site, you will be asked to save your name, e-mail address and site in cookies.\nThis is only for your convenience, so that you don&#8217;t have to enter this information if you leave another comment later.\nThese cookies expire after one year.  <\/p>&#13;\n&#13;\n<p>If you go to the login page, a temporary cookie will be created to determine whether your browser accepts cookies.\nIt contains no personal data and will be deleted automatically when you close your browser. <\/p>&#13;\n&#13;\n<p>When you log in, we will set a number of cookies to record your login information and screen preferences.\nThe lifetime of a connection cookie is two days, that of a screen option cookie is one year.\nIf you check &#8220;Remember me&#8221;, your login cookie will be kept for two weeks.\nIf you log out of your account, the login cookie will be deleted.   <\/p>&#13;\n&#13;\n<p>By modifying or publishing a publication, an additional cookie will be stored in your browser.\nThis cookie does not contain any personal data.\nIt simply indicates the ID of the publication you have just modified.\nIt expires after one day.   <\/p>&#13;\n&#13;\n<h2 class=\"wp-block-heading\">Embedded content from other sites<\/h2>&#13;\n&#13;\n<p>Articles on this site may include embedded content (e.g. videos, images, articles, etc.).\nEmbedded content from other sites behaves in the same way as if the visitor were visiting that other site. <\/p>&#13;\n&#13;\n<p>These websites may collect data about you, use cookies, embed third-party tracking tools, track your interactions with these embedded contents if you have a logged-in account on their website.<\/p>&#13;\n&#13;\n<h2 class=\"wp-block-heading\">Use and transmission of your personal data<\/h2>&#13;\n&#13;\n<p>If you request a password reset, your IP address will be included in the reset e-mail.<\/p>&#13;\n&#13;\n<h2 class=\"wp-block-heading\">Data storage periods<\/h2>&#13;\n&#13;\n<p>If you leave a comment, the comment and its metadata are retained indefinitely.\nThis makes it possible to automatically recognize and approve subsequent comments, rather than leaving them in the moderation queue. <\/p>&#13;\n&#13;\n<p>For accounts that register on our site (where applicable), we also store the personal data indicated in their profile.\nAll accounts can view, modify or delete their personal information at any time (with the exception of their login).\nSite managers can also view and modify this information.  <\/p>&#13;\n&#13;\n<h2 class=\"wp-block-heading\">The rights you have over your data<\/h2>&#13;\n&#13;\n<p>If you have an account or if you have left comments on the site, you may request to receive a file containing all the personal data we hold about you, including that which you have provided to us.\nYou can also request the deletion of your personal data.\nThis does not include data stored for administrative, legal or security purposes.  <\/p>&#13;\n&#13;\n<h2 class=\"wp-block-heading\">Transmission of your personal data<\/h2>&#13;\n&#13;\n<p>Visitor comments can be checked using an automated spam detection service.<\/p>&#13;\n","protected":false},"excerpt":{"rendered":"<p>&#13; Voici les politiques de confidentialit\u00e9 et les mentions l\u00e9gales \u00e0 lire. &#13; Who we are &#13; &#13; Our website address is: http:\/\/www.arrasville.fr. This site is published by Facem Web, a SEO agency located in Arras, Pas-de-Calais. SASU with capital of \u20ac2,000, registered in the Arras Trade Register 790 056 022 Code APE 6202A. Intracommunity VAT number: FR 44 790 056 022 &#8211; SIRET: 790 056 022 00037 &#8211; Telephone: 06 84 11 55 14 &#13; &#13; Comments &#13; &#13; When you leave a comment on our site, the data entered in the comment form, your IP address and your <\/p>\n","protected":false},"author":1,"featured_media":0,"parent":0,"menu_order":0,"comment_status":"closed","ping_status":"closed","template":"","meta":{"footnotes":""},"class_list":["post-1641","page","type-page","status-publish","hentry"],"_links":{"self":[{"href":"https:\/\/www.arrasville.fr\/en\/wp-json\/wp\/v2\/pages\/1641","targetHints":{"allow":["GET"]}}],"collection":[{"href":"https:\/\/www.arrasville.fr\/en\/wp-json\/wp\/v2\/pages"}],"about":[{"href":"https:\/\/www.arrasville.fr\/en\/wp-json\/wp\/v2\/types\/page"}],"author":[{"embeddable":true,"href":"https:\/\/www.arrasville.fr\/en\/wp-json\/wp\/v2\/users\/1"}],"replies":[{"embeddable":true,"href":"https:\/\/www.arrasville.fr\/en\/wp-json\/wp\/v2\/comments?post=1641"}],"version-history":[{"count":1,"href":"https:\/\/www.arrasville.fr\/en\/wp-json\/wp\/v2\/pages\/1641\/revisions"}],"predecessor-version":[{"id":1642,"href":"https:\/\/www.arrasville.fr\/en\/wp-json\/wp\/v2\/pages\/1641\/revisions\/1642"}],"wp:attachment":[{"href":"https:\/\/www.arrasville.fr\/en\/wp-json\/wp\/v2\/media?parent=1641"}],"curies":[{"name":"wp","href":"https:\/\/api.w.org\/{rel}","templated":true}]}}